{"id":1223,"date":"2018-12-28T13:16:06","date_gmt":"2018-12-28T12:16:06","guid":{"rendered":"http:\/\/naturob.fr\/?page_id=1223"},"modified":"2022-01-08T16:25:41","modified_gmt":"2022-01-08T15:25:41","slug":"rendez-vous","status":"publish","type":"page","link":"https:\/\/naturob.fr\/index.php\/rendez-vous\/","title":{"rendered":"Rendez-vous"},"content":{"rendered":"<p><div class=\"fusion-fullwidth fullwidth-box fusion-builder-row-1 hundred-percent-fullwidth non-hundred-percent-height-scrolling fusion-equal-height-columns\" style=\"background-color: rgba(255,255,255,0);background-position: left top;background-repeat: no-repeat;padding-top:0px;padding-right:0px;padding-bottom:0px;padding-left:0px;margin-bottom: 0px;margin-top: 0px;border-width: 0px 0px 0px 0px;border-color:#eae9e9;border-style:solid;\" ><div class=\"fusion-builder-row fusion-row\"><div class=\"fusion-layout-column fusion_builder_column fusion-builder-column-0 fusion_builder_column_3_5 3_5 fusion-three-fifth fusion-column-first\" style=\"margin-top:0px;margin-bottom:0px;\"><div class=\"fusion-column-wrapper fusion-flex-column-wrapper-legacy\" style=\"background-position:left top;background-repeat:no-repeat;-webkit-background-size:cover;-moz-background-size:cover;-o-background-size:cover;background-size:cover;background-color:rgba(65,139,147,0.24);padding: 90px 10% 90px 10%;\"><div class=\"fusion-column-content-centered\"><div class=\"fusion-column-content\"><div class=\"fusion-text fusion-text-1\"><p><strong>Pour prendre un rendez-vous, vous pouvez utiliser le formulaire ci-dessous :<\/strong><\/p>\n<\/div><iframe src=\"https:\/\/naturob.youcanbook.me\/?noframe=true&skipHeaderFooter=true\" id=\"ycbmiframenaturob\" style=\"width:100%;height:1000px;border:0px;background-color:transparent;\" frameborder=\"0\" allowtransparency=\"true\"><\/iframe><script>window.addEventListener && window.addEventListener(\"message\", function(event){if (event.origin === \"https:\/\/naturob.youcanbook.me\"){document.getElementById(\"ycbmiframenaturob\").style.height = event.data + \"px\";}}, false);<\/script><div class=\"fusion-sep-clear\"><\/div><div class=\"fusion-separator fusion-full-width-sep\" style=\"margin-left: auto;margin-right: auto;margin-top:30px;width:100%;\"><\/div><div class=\"fusion-sep-clear\"><\/div><div class=\"fusion-sep-clear\"><\/div><div class=\"fusion-separator fusion-full-width-sep\" style=\"margin-left: auto;margin-right: auto;margin-top:30px;width:100%;\"><\/div><div class=\"fusion-sep-clear\"><\/div><div class=\"fusion-sep-clear\"><\/div><div class=\"fusion-separator fusion-full-width-sep\" style=\"margin-left: auto;margin-right: auto;margin-top:30px;width:100%;\"><\/div><div class=\"fusion-sep-clear\"><\/div><div class=\"fusion-sep-clear\"><\/div><div class=\"fusion-separator fusion-has-icon\" style=\"margin-left: auto;margin-right: auto;margin-top:0px;margin-bottom:40px;width:100%;max-width:170px;\"><div class=\"fusion-separator-border sep-single sep-solid\" style=\"border-color:#418b93;border-top-width:1px;\"><\/div><span class=\"icon-wrapper\" style=\"border-color:transparent;font-size:18px;width: 1.75em; height: 1.75em;border-width:1px;padding:1px;margin-top:-0.5px\"><i class=\"fa-pen fas\" style=\"font-size: inherit;color:#418b93;\" aria-hidden=\"true\"><\/i><\/span><div class=\"fusion-separator-border sep-single sep-solid\" style=\"border-color:#418b93;border-top-width:1px;\"><\/div><\/div><div class=\"fusion-sep-clear\"><\/div><div class=\"fusion-text fusion-text-2\"><p><strong>Pour toute autre question vous pouvez me contacter par mail, t\u00e9l\u00e9phone ou via le formulaire ci-dessous :<\/strong><\/p>\n<\/div><div role=\"form\" class=\"wpcf7\" id=\"wpcf7-f5-o1\" lang=\"fr-FR\" dir=\"ltr\">\n<div class=\"screen-reader-response\"><p role=\"status\" aria-live=\"polite\" aria-atomic=\"true\"><\/p> <ul><\/ul><\/div>\n<form action=\"\/index.php\/wp-json\/wp\/v2\/pages\/1223#wpcf7-f5-o1\" method=\"post\" class=\"wpcf7-form init\" novalidate=\"novalidate\" data-status=\"init\">\n<div style=\"display: none;\">\n<input type=\"hidden\" name=\"_wpcf7\" value=\"5\" \/>\n<input type=\"hidden\" name=\"_wpcf7_version\" value=\"5.6.3\" \/>\n<input type=\"hidden\" name=\"_wpcf7_locale\" value=\"fr_FR\" \/>\n<input type=\"hidden\" name=\"_wpcf7_unit_tag\" value=\"wpcf7-f5-o1\" \/>\n<input type=\"hidden\" name=\"_wpcf7_container_post\" value=\"0\" \/>\n<input type=\"hidden\" name=\"_wpcf7_posted_data_hash\" value=\"\" \/>\n<\/div>\n<p><label> Votre nom (obligatoire)<br \/>\n    <span class=\"wpcf7-form-control-wrap\" data-name=\"your-name\"><input type=\"text\" name=\"your-name\" value=\"\" size=\"40\" class=\"wpcf7-form-control wpcf7-text wpcf7-validates-as-required\" aria-required=\"true\" aria-invalid=\"false\" \/><\/span> <\/label><\/p>\n<p><label> Votre adresse de messagerie (obligatoire)<br \/>\n    <span class=\"wpcf7-form-control-wrap\" data-name=\"your-email\"><input type=\"email\" name=\"your-email\" value=\"\" size=\"40\" class=\"wpcf7-form-control wpcf7-text wpcf7-email wpcf7-validates-as-required wpcf7-validates-as-email\" aria-required=\"true\" aria-invalid=\"false\" \/><\/span> <\/label><\/p>\n<p><label> Objet<br \/>\n    <span class=\"wpcf7-form-control-wrap\" data-name=\"your-subject\"><input type=\"text\" name=\"your-subject\" value=\"\" size=\"40\" class=\"wpcf7-form-control wpcf7-text\" aria-invalid=\"false\" \/><\/span> <\/label><\/p>\n<p><label> Votre message<br \/>\n    <span class=\"wpcf7-form-control-wrap\" data-name=\"your-message\"><textarea name=\"your-message\" cols=\"40\" rows=\"10\" class=\"wpcf7-form-control wpcf7-textarea\" aria-invalid=\"false\"><\/textarea><\/span> <\/label><\/p>\n<p><input type=\"submit\" value=\"Envoyer\" class=\"wpcf7-form-control has-spinner wpcf7-submit\" \/><\/p>\n<p style=\"display: none !important;\"><label>&#916;<textarea name=\"_wpcf7_ak_hp_textarea\" cols=\"45\" rows=\"8\" maxlength=\"100\"><\/textarea><\/label><input type=\"hidden\" id=\"ak_js_1\" name=\"_wpcf7_ak_js\" value=\"154\"\/><script>document.getElementById( \"ak_js_1\" ).setAttribute( \"value\", ( new Date() ).getTime() );<\/script><\/p><div class=\"fusion-alert alert custom alert-custom fusion-alert-center wpcf7-response-output fusion-alert-capitalize alert-dismissable alert-shadow\" style=\"border-width:1px;\"><button type=\"button\" class=\"close toggle-alert\" data-dismiss=\"alert\" aria-label=\"Close\">&times;<\/button><div class=\"fusion-alert-content-wrapper\"><span class=\"fusion-alert-content\"><\/span><\/div><\/div><\/form><\/div><\/div><\/div><div class=\"fusion-clearfix\"><\/div><\/div><\/div><div class=\"fusion-layout-column fusion_builder_column fusion-builder-column-1 fusion_builder_column_2_5 2_5 fusion-two-fifth fusion-column-last\" style=\"margin-top:0px;margin-bottom:0px;\"><div class=\"fusion-column-wrapper fusion-flex-column-wrapper-legacy\" style=\"background-position:left top;background-repeat:no-repeat;-webkit-background-size:cover;-moz-background-size:cover;-o-background-size:cover;background-size:cover;padding: 90px 10% 90px 10%;\"><div class=\"fusion-column-content-centered\"><div class=\"fusion-column-content\"><div class=\"fusion-text fusion-text-3\"><p style=\"text-align: center;\"><strong>T\u00e9l\u00e9consultation possible.<\/strong><\/p>\n<\/div><div class=\"fusion-sep-clear\"><\/div><div class=\"fusion-separator fusion-has-icon\" style=\"margin-left: auto;margin-right: auto;margin-top:0px;margin-bottom:40px;width:100%;max-width:170px;\"><div class=\"fusion-separator-border sep-single sep-solid\" style=\"border-color:#418b93;border-top-width:1px;\"><\/div><span class=\"icon-wrapper\" style=\"border-color:transparent;font-size:18px;width: 1.75em; height: 1.75em;border-width:1px;padding:1px;margin-top:-0.5px\"><i class=\"fa-desktop fas\" style=\"font-size: inherit;color:#418b93;\" aria-hidden=\"true\"><\/i><\/span><div class=\"fusion-separator-border sep-single sep-solid\" style=\"border-color:#418b93;border-top-width:1px;\"><\/div><\/div><div class=\"fusion-sep-clear\"><\/div><div class=\"fusion-text fusion-text-4\"><p><img class=\"size-full wp-image-1327\" src=\"https:\/\/naturob.fr\/wp-content\/uploads\/2016\/08\/Naturob_Consultation_Naturopathique.jpg\" alt=\"photo livre et plantes\" width=\"1200\" height=\"828\" srcset=\"https:\/\/naturob.fr\/wp-content\/uploads\/2016\/08\/Naturob_Consultation_Naturopathique-200x138.jpg 200w, https:\/\/naturob.fr\/wp-content\/uploads\/2016\/08\/Naturob_Consultation_Naturopathique-300x207.jpg 300w, https:\/\/naturob.fr\/wp-content\/uploads\/2016\/08\/Naturob_Consultation_Naturopathique-400x276.jpg 400w, https:\/\/naturob.fr\/wp-content\/uploads\/2016\/08\/Naturob_Consultation_Naturopathique-600x414.jpg 600w, https:\/\/naturob.fr\/wp-content\/uploads\/2016\/08\/Naturob_Consultation_Naturopathique-768x530.jpg 768w, https:\/\/naturob.fr\/wp-content\/uploads\/2016\/08\/Naturob_Consultation_Naturopathique-800x552.jpg 800w, https:\/\/naturob.fr\/wp-content\/uploads\/2016\/08\/Naturob_Consultation_Naturopathique-1024x707.jpg 1024w, https:\/\/naturob.fr\/wp-content\/uploads\/2016\/08\/Naturob_Consultation_Naturopathique.jpg 1200w\" sizes=\"(max-width: 1200px) 100vw, 1200px\" \/><\/p>\n<h4 style=\"text-align: center;\"><\/h4>\n<\/div><div class=\"fusion-text fusion-text-5\"><h4 style=\"text-align: center;\">Contact<\/h4>\n<\/div><div class=\"fusion-sep-clear\"><\/div><div class=\"fusion-separator fusion-has-icon\" style=\"margin-left: auto;margin-right: auto;margin-top:0px;margin-bottom:40px;width:100%;max-width:170px;\"><div class=\"fusion-separator-border sep-single sep-solid\" style=\"border-color:#418b93;border-top-width:1px;\"><\/div><span class=\"icon-wrapper\" style=\"border-color:transparent;font-size:18px;width: 1.75em; height: 1.75em;border-width:1px;padding:1px;margin-top:-0.5px\"><i class=\"fa-bookmark fas\" style=\"font-size: inherit;color:#418b93;\" aria-hidden=\"true\"><\/i><\/span><div class=\"fusion-separator-border sep-single sep-solid\" style=\"border-color:#418b93;border-top-width:1px;\"><\/div><\/div><div class=\"fusion-sep-clear\"><\/div><div class=\"fusion-text fusion-text-6\"><h3 style=\"text-align: center;\">+33 7 66 89 72 87<\/h3>\n<\/div><div class=\"fusion-text fusion-text-7\"><p style=\"text-align: center;\">Rue de Fondsgueux<br \/>\n27220 Bois Le Roy<\/p>\n<\/div><div class=\"fusion-text fusion-text-8\"><p style=\"text-align: center;\"><a href=\"#\">info@naturob.fr<\/a><\/p>\n<\/div><div class=\"fusion-sep-clear\"><\/div><div class=\"fusion-separator fusion-full-width-sep\" style=\"margin-left: auto;margin-right: auto;margin-top:70px;width:100%;\"><\/div><div class=\"fusion-sep-clear\"><\/div><div class=\"fusion-text fusion-text-9\"><h4 style=\"text-align: center;\">Heures d&#8217;ouvertures<\/h4>\n<\/div><div class=\"fusion-sep-clear\"><\/div><div class=\"fusion-separator fusion-has-icon\" style=\"margin-left: auto;margin-right: auto;margin-top:0px;margin-bottom:40px;width:100%;max-width:170px;\"><div class=\"fusion-separator-border sep-single sep-solid\" style=\"border-color:#418b93;border-top-width:1px;\"><\/div><span class=\"icon-wrapper\" style=\"border-color:transparent;font-size:18px;width: 1.75em; height: 1.75em;border-width:1px;padding:1px;margin-top:-0.5px\"><i class=\"fa-bookmark fas\" style=\"font-size: inherit;color:#418b93;\" aria-hidden=\"true\"><\/i><\/span><div class=\"fusion-separator-border sep-single sep-solid\" style=\"border-color:#418b93;border-top-width:1px;\"><\/div><\/div><div class=\"fusion-sep-clear\"><\/div><style type=\"text\/css\"><\/style><div class=\"fusion-title title fusion-title-1 fusion-sep-none fusion-title-center fusion-title-text fusion-title-size-six\" style=\"margin-top:0px;margin-right:0px;margin-bottom:0px;margin-left:0px;\"><h6 class=\"title-heading-center fusion-responsive-typography-calculated\" style=\"margin:0;--fontSize:18;--minFontSize:18px;line-height:1.4;\"><span style=\"color: #418b93;\"><em>Du lundi au vendredi<\/em><\/span><\/h6><\/div><div class=\"fusion-text fusion-text-10\"><p style=\"text-align: center;\">9:00 &#8211; 21:00<\/p>\n<\/div><style type=\"text\/css\"><\/style><div class=\"fusion-title title fusion-title-2 fusion-sep-none fusion-title-center fusion-title-text fusion-title-size-six\" style=\"margin-top:0px;margin-right:0px;margin-bottom:0px;margin-left:0px;\"><h6 class=\"title-heading-center fusion-responsive-typography-calculated\" style=\"margin:0;--fontSize:18;--minFontSize:18px;line-height:1.4;\"><span style=\"color: #418b93;\"><em>Samedi<\/em><\/span><\/h6><\/div><div class=\"fusion-text fusion-text-11\"><p style=\"text-align: center;\">10:00 &#8211; 19:00<\/p>\n<\/div><style type=\"text\/css\"><\/style><div class=\"fusion-title title fusion-title-3 fusion-sep-none fusion-title-center fusion-title-text fusion-title-size-six\" style=\"margin-top:0px;margin-right:0px;margin-bottom:0px;margin-left:0px;\"><h6 class=\"title-heading-center fusion-responsive-typography-calculated\" style=\"margin:0;--fontSize:18;--minFontSize:18px;line-height:1.4;\"><span style=\"color: #418b93;\"><em>Dimanche<\/em><\/span><\/h6><\/div><div class=\"fusion-text fusion-text-12\"><p style=\"text-align: center;\">Ferm\u00e9<\/p>\n<\/div><\/div><\/div><div class=\"fusion-clearfix\"><\/div><\/div><\/div><\/div><\/div><div class=\"fusion-fullwidth fullwidth-box fusion-builder-row-2 hundred-percent-fullwidth non-hundred-percent-height-scrolling fusion-equal-height-columns\" style=\"background-color: rgba(255,255,255,0);background-position: left top;background-repeat: no-repeat;padding-top:0px;padding-right:0px;padding-bottom:0px;padding-left:0px;margin-bottom: 0px;margin-top: 0px;border-width: 0px 0px 0px 0px;border-color:#eae9e9;border-style:solid;\" ><div class=\"fusion-builder-row fusion-row\"><div class=\"fusion-layout-column fusion_builder_column fusion-builder-column-2 fusion_builder_column_1_1 1_1 fusion-one-full fusion-column-first fusion-column-last fusion-column-no-min-height\" style=\"margin-top:0px;margin-bottom:0px;\"><div class=\"fusion-column-wrapper fusion-flex-column-wrapper-legacy\" style=\"background-position:left top;background-repeat:no-repeat;-webkit-background-size:cover;-moz-background-size:cover;-o-background-size:cover;background-size:cover;padding: 0px 0px 0px 0px;\"><div class=\"fusion-clearfix\"><\/div><\/div><\/div><\/div><\/div><\/p>\n","protected":false},"excerpt":{"rendered":"","protected":false},"author":1,"featured_media":0,"parent":0,"menu_order":0,"comment_status":"closed","ping_status":"closed","template":"100-width.php","meta":{"_mi_skip_tracking":false},"yoast_head":"<!-- This site is optimized with the Yoast SEO plugin v19.7.2 - https:\/\/yoast.com\/wordpress\/plugins\/seo\/ -->\n<title>Rendez-vous - NATUROB<\/title>\n<meta name=\"description\" content=\"Je re\u00e7ois sur rendez-vous en cabinet \u00e0 Paris et \u00e0 Levallois. Vous pouvez prendre un rdv via doctolib ou en me contactant par mail ou par t\u00e9l\u00e9phone\" \/>\n<meta name=\"robots\" content=\"index, follow, max-snippet:-1, max-image-preview:large, max-video-preview:-1\" \/>\n<link rel=\"canonical\" href=\"https:\/\/naturob.fr\/index.php\/rendez-vous\/\" \/>\n<meta property=\"og:locale\" content=\"fr_FR\" \/>\n<meta property=\"og:type\" content=\"article\" \/>\n<meta property=\"og:title\" content=\"Rendez-vous - NATUROB\" \/>\n<meta property=\"og:description\" content=\"Je re\u00e7ois sur rendez-vous en cabinet \u00e0 Paris et \u00e0 Levallois. Vous pouvez prendre un rdv via doctolib ou en me contactant par mail ou par t\u00e9l\u00e9phone\" \/>\n<meta property=\"og:url\" content=\"https:\/\/naturob.fr\/index.php\/rendez-vous\/\" \/>\n<meta property=\"og:site_name\" content=\"NATUROB\" \/>\n<meta property=\"article:modified_time\" content=\"2022-01-08T15:25:41+00:00\" \/>\n<meta property=\"og:image\" content=\"https:\/\/naturob.fr\/wp-content\/uploads\/2016\/08\/Naturob_Consultation_Naturopathique.jpg\" \/>\n<meta name=\"twitter:card\" content=\"summary_large_image\" \/>\n<meta name=\"twitter:label1\" content=\"Dur\u00e9e de lecture estim\u00e9e\" \/>\n\t<meta name=\"twitter:data1\" content=\"4 minutes\" \/>\n<script type=\"application\/ld+json\" class=\"yoast-schema-graph\">{\"@context\":\"https:\/\/schema.org\",\"@graph\":[{\"@type\":\"WebPage\",\"@id\":\"https:\/\/naturob.fr\/index.php\/rendez-vous\/\",\"url\":\"https:\/\/naturob.fr\/index.php\/rendez-vous\/\",\"name\":\"Rendez-vous - NATUROB\",\"isPartOf\":{\"@id\":\"https:\/\/naturob.fr\/#website\"},\"datePublished\":\"2018-12-28T12:16:06+00:00\",\"dateModified\":\"2022-01-08T15:25:41+00:00\",\"description\":\"Je re\u00e7ois sur rendez-vous en cabinet \u00e0 Paris et \u00e0 Levallois. Vous pouvez prendre un rdv via doctolib ou en me contactant par mail ou par t\u00e9l\u00e9phone\",\"breadcrumb\":{\"@id\":\"https:\/\/naturob.fr\/index.php\/rendez-vous\/#breadcrumb\"},\"inLanguage\":\"fr-FR\",\"potentialAction\":[{\"@type\":\"ReadAction\",\"target\":[\"https:\/\/naturob.fr\/index.php\/rendez-vous\/\"]}]},{\"@type\":\"BreadcrumbList\",\"@id\":\"https:\/\/naturob.fr\/index.php\/rendez-vous\/#breadcrumb\",\"itemListElement\":[{\"@type\":\"ListItem\",\"position\":1,\"name\":\"Home\",\"item\":\"https:\/\/naturob.fr\/\"},{\"@type\":\"ListItem\",\"position\":2,\"name\":\"Rendez-vous\"}]},{\"@type\":\"WebSite\",\"@id\":\"https:\/\/naturob.fr\/#website\",\"url\":\"https:\/\/naturob.fr\/\",\"name\":\"NATUROB\",\"description\":\"Roberto Pinto - Naturopathe\",\"potentialAction\":[{\"@type\":\"SearchAction\",\"target\":{\"@type\":\"EntryPoint\",\"urlTemplate\":\"https:\/\/naturob.fr\/?s={search_term_string}\"},\"query-input\":\"required name=search_term_string\"}],\"inLanguage\":\"fr-FR\"}]}<\/script>\n<!-- \/ Yoast SEO plugin. -->","yoast_head_json":{"title":"Rendez-vous - NATUROB","description":"Je re\u00e7ois sur rendez-vous en cabinet \u00e0 Paris et \u00e0 Levallois. Vous pouvez prendre un rdv via doctolib ou en me contactant par mail ou par t\u00e9l\u00e9phone","robots":{"index":"index","follow":"follow","max-snippet":"max-snippet:-1","max-image-preview":"max-image-preview:large","max-video-preview":"max-video-preview:-1"},"canonical":"https:\/\/naturob.fr\/index.php\/rendez-vous\/","og_locale":"fr_FR","og_type":"article","og_title":"Rendez-vous - NATUROB","og_description":"Je re\u00e7ois sur rendez-vous en cabinet \u00e0 Paris et \u00e0 Levallois. Vous pouvez prendre un rdv via doctolib ou en me contactant par mail ou par t\u00e9l\u00e9phone","og_url":"https:\/\/naturob.fr\/index.php\/rendez-vous\/","og_site_name":"NATUROB","article_modified_time":"2022-01-08T15:25:41+00:00","og_image":[{"url":"https:\/\/naturob.fr\/wp-content\/uploads\/2016\/08\/Naturob_Consultation_Naturopathique.jpg"}],"twitter_card":"summary_large_image","twitter_misc":{"Dur\u00e9e de lecture estim\u00e9e":"4 minutes"},"schema":{"@context":"https:\/\/schema.org","@graph":[{"@type":"WebPage","@id":"https:\/\/naturob.fr\/index.php\/rendez-vous\/","url":"https:\/\/naturob.fr\/index.php\/rendez-vous\/","name":"Rendez-vous - NATUROB","isPartOf":{"@id":"https:\/\/naturob.fr\/#website"},"datePublished":"2018-12-28T12:16:06+00:00","dateModified":"2022-01-08T15:25:41+00:00","description":"Je re\u00e7ois sur rendez-vous en cabinet \u00e0 Paris et \u00e0 Levallois. Vous pouvez prendre un rdv via doctolib ou en me contactant par mail ou par t\u00e9l\u00e9phone","breadcrumb":{"@id":"https:\/\/naturob.fr\/index.php\/rendez-vous\/#breadcrumb"},"inLanguage":"fr-FR","potentialAction":[{"@type":"ReadAction","target":["https:\/\/naturob.fr\/index.php\/rendez-vous\/"]}]},{"@type":"BreadcrumbList","@id":"https:\/\/naturob.fr\/index.php\/rendez-vous\/#breadcrumb","itemListElement":[{"@type":"ListItem","position":1,"name":"Home","item":"https:\/\/naturob.fr\/"},{"@type":"ListItem","position":2,"name":"Rendez-vous"}]},{"@type":"WebSite","@id":"https:\/\/naturob.fr\/#website","url":"https:\/\/naturob.fr\/","name":"NATUROB","description":"Roberto Pinto - Naturopathe","potentialAction":[{"@type":"SearchAction","target":{"@type":"EntryPoint","urlTemplate":"https:\/\/naturob.fr\/?s={search_term_string}"},"query-input":"required name=search_term_string"}],"inLanguage":"fr-FR"}]}},"_links":{"self":[{"href":"https:\/\/naturob.fr\/index.php\/wp-json\/wp\/v2\/pages\/1223"}],"collection":[{"href":"https:\/\/naturob.fr\/index.php\/wp-json\/wp\/v2\/pages"}],"about":[{"href":"https:\/\/naturob.fr\/index.php\/wp-json\/wp\/v2\/types\/page"}],"author":[{"embeddable":true,"href":"https:\/\/naturob.fr\/index.php\/wp-json\/wp\/v2\/users\/1"}],"replies":[{"embeddable":true,"href":"https:\/\/naturob.fr\/index.php\/wp-json\/wp\/v2\/comments?post=1223"}],"version-history":[{"count":57,"href":"https:\/\/naturob.fr\/index.php\/wp-json\/wp\/v2\/pages\/1223\/revisions"}],"predecessor-version":[{"id":2224,"href":"https:\/\/naturob.fr\/index.php\/wp-json\/wp\/v2\/pages\/1223\/revisions\/2224"}],"wp:attachment":[{"href":"https:\/\/naturob.fr\/index.php\/wp-json\/wp\/v2\/media?parent=1223"}],"curies":[{"name":"wp","href":"https:\/\/api.w.org\/{rel}","templated":true}]}}